{"id":38927,"date":"2018-07-05T10:28:35","date_gmt":"2018-07-05T10:28:35","guid":{"rendered":"https:\/\/bedsnboard.com\/conditions-generales-dutilisation\/"},"modified":"2025-10-10T13:57:47","modified_gmt":"2025-10-10T13:57:47","slug":"conditions-generales-dutilisation","status":"publish","type":"page","link":"https:\/\/bedsnboard.com\/fr\/conditions-generales-dutilisation\/","title":{"rendered":"Conditions g\u00e9n\u00e9rales d&rsquo;utilisation"},"content":{"rendered":"<p><span style=\"font-weight: 400;\">Bienvenue sur notre site web. Si vous continuez \u00e0 naviguer sur ce site web et \u00e0 l&rsquo;utiliser, vous acceptez de respecter et d&rsquo;\u00eatre li\u00e9 par les conditions d&rsquo;utilisation suivantes, qui, avec notre politique en mati\u00e8re de respect de la vie priv\u00e9e, r\u00e9gissent <\/span><b>[NOM DE L&rsquo;ENTREPRISE]<\/b><span style=\"font-weight: 400;\">avec vous en ce qui concerne ce site web. Si vous n&rsquo;\u00eates pas d&rsquo;accord avec une quelconque partie de ces conditions, veuillez ne pas utiliser notre site web.<\/span><\/p>\n<p><span style=\"font-weight: 400;\">Le terme<\/span><b>[NOM DE L&rsquo;ENTREPRISE]<\/b><span style=\"font-weight: 400;\">ou \u00ab\u00a0nous\u00a0\u00bb fait r\u00e9f\u00e9rence au propri\u00e9taire du site web dont le si\u00e8ge social est situ\u00e9 \u00e0 <\/span><b>[ADRESSE DU SI\u00c8GE SOCIAL]<\/b><span style=\"font-weight: 400;\">. Le num\u00e9ro d&rsquo;enregistrement de notre soci\u00e9t\u00e9 est le suivant <\/span><b>[IMMATRICULATION DE LA SOCI\u00c9T\u00c9] [ADRESSE DE LA SOCI\u00c9T\u00c9]<\/b><span style=\"font-weight: 400;\">. Le terme \u00ab\u00a0vous\u00a0\u00bb d\u00e9signe l&rsquo;utilisateur ou le spectateur de notre site web.<\/span><\/p>\n<p><b>L&rsquo;utilisation de ce site web est soumise aux conditions d&rsquo;utilisation suivantes :<\/b><\/p>\n<ul>\n<li style=\"list-style-type: none\">\n<ul>\n<li style=\"font-weight: 400;\"><span style=\"font-weight: 400;\">Le contenu des pages de ce site web est destin\u00e9 \u00e0 votre information et \u00e0 votre utilisation g\u00e9n\u00e9rales uniquement. Il peut \u00eatre modifi\u00e9 sans pr\u00e9avis. <\/span><\/li>\n<\/ul>\n<\/li>\n<\/ul>\n<ul>\n<li style=\"font-weight: 400;\"><span style=\"font-weight: 400;\">Ce site web utilise des cookies pour surveiller les pr\u00e9f\u00e9rences de navigation. Si vous autorisez l&rsquo;utilisation de cookies, des informations personnelles peuvent \u00eatre stock\u00e9es. Pour plus d&rsquo;informations, lisez notre <a href=\"https:\/\/bedsnboard.com\/fr\/politique-de-confidentialite\/\">politique de confidentialit\u00e9<\/a><\/span><span style=\"font-weight: 400;\">.<\/span><\/li>\n<li style=\"font-weight: 400;\"><span style=\"font-weight: 400;\">Ni nous ni aucun tiers ne fournissons de garantie quant \u00e0 l&rsquo;exactitude, l&rsquo;actualit\u00e9, la performance, l&rsquo;exhaustivit\u00e9 ou l&rsquo;ad\u00e9quation des informations et du mat\u00e9riel trouv\u00e9s ou propos\u00e9s sur ce site web \u00e0 une fin particuli\u00e8re. Vous reconnaissez que ces informations et mat\u00e9riaux peuvent contenir des inexactitudes ou des erreurs et nous excluons express\u00e9ment toute responsabilit\u00e9 pour de telles inexactitudes ou erreurs dans toute la mesure permise par la loi. <\/span><\/li>\n<li style=\"font-weight: 400;\"><span style=\"font-weight: 400;\">L&rsquo;utilisation des informations ou du mat\u00e9riel figurant sur ce site se fait enti\u00e8rement \u00e0 vos risques et p\u00e9rils, et nous n&rsquo;en sommes pas responsables. Il est de votre responsabilit\u00e9 de vous assurer que les produits, services ou informations disponibles sur ce site r\u00e9pondent \u00e0 vos besoins sp\u00e9cifiques. <\/span><\/li>\n<li style=\"font-weight: 400;\"><span style=\"font-weight: 400;\">Ce site web contient des \u00e9l\u00e9ments qui nous appartiennent ou qui nous sont conc\u00e9d\u00e9s sous licence. Ce mat\u00e9riel comprend, sans s&rsquo;y limiter, la conception, le code, la mise en page, l&rsquo;aspect, la pr\u00e9sentation et les graphiques. La reproduction est interdite, sauf en conformit\u00e9 avec l&rsquo;avis de droit d&rsquo;auteur, qui fait partie des pr\u00e9sentes conditions g\u00e9n\u00e9rales.  <\/span><\/li>\n<li style=\"font-weight: 400;\"><span style=\"font-weight: 400;\">Toutes les marques reproduites sur ce site web qui ne sont pas la propri\u00e9t\u00e9 de l&rsquo;op\u00e9rateur ou qui ne lui ont pas \u00e9t\u00e9 conc\u00e9d\u00e9es sous licence sont reconnues sur le site web.<\/span><\/li>\n<li style=\"font-weight: 400;\"><span style=\"font-weight: 400;\">L&rsquo;utilisation non autoris\u00e9e de ce site web peut donner lieu \u00e0 une demande de dommages-int\u00e9r\u00eats et\/ou constituer une infraction p\u00e9nale.<\/span><\/li>\n<li style=\"font-weight: 400;\"><span style=\"font-weight: 400;\">De temps \u00e0 autre, ce site web peut \u00e9galement inclure des liens vers d&rsquo;autres sites web. Ces liens sont fournis pour votre commodit\u00e9 afin de vous donner de plus amples informations. Ils ne signifient pas que nous approuvons le(s) site(s) web. Nous ne sommes pas responsables du contenu de ces sites.   <\/span><\/li>\n<li style=\"font-weight: 400;\"><span style=\"font-weight: 400;\">Votre utilisation de ce site web et tout litige d\u00e9coulant de cette utilisation sont soumis aux lois de l&rsquo;Angleterre, de l&rsquo;Irlande du Nord, de l&rsquo;\u00c9cosse et du Pays de Galles.<\/span><\/li>\n<\/ul>\n","protected":false},"excerpt":{"rendered":"<p>Bienvenue sur notre site web. Si vous continuez \u00e0 naviguer sur ce site web et \u00e0 l&rsquo;utiliser, vous acceptez de respecter et d&rsquo;\u00eatre li\u00e9 par les conditions d&rsquo;utilisation suivantes, qui, avec notre politique en mati\u00e8re de respect de la vie priv\u00e9e, r\u00e9gissent [NOM DE L&rsquo;ENTREPRISE]avec vous en ce qui concerne ce site web. Si vous [&hellip;]<\/p>\n","protected":false},"author":3,"featured_media":0,"parent":0,"menu_order":0,"comment_status":"closed","ping_status":"closed","template":"","meta":{"_acf_changed":false,"footnotes":""},"class_list":["post-38927","page","type-page","status-publish","hentry"],"acf":[],"_links":{"self":[{"href":"https:\/\/bedsnboard.com\/fr\/wp-json\/wp\/v2\/pages\/38927","targetHints":{"allow":["GET"]}}],"collection":[{"href":"https:\/\/bedsnboard.com\/fr\/wp-json\/wp\/v2\/pages"}],"about":[{"href":"https:\/\/bedsnboard.com\/fr\/wp-json\/wp\/v2\/types\/page"}],"author":[{"embeddable":true,"href":"https:\/\/bedsnboard.com\/fr\/wp-json\/wp\/v2\/users\/3"}],"replies":[{"embeddable":true,"href":"https:\/\/bedsnboard.com\/fr\/wp-json\/wp\/v2\/comments?post=38927"}],"version-history":[{"count":1,"href":"https:\/\/bedsnboard.com\/fr\/wp-json\/wp\/v2\/pages\/38927\/revisions"}],"predecessor-version":[{"id":39002,"href":"https:\/\/bedsnboard.com\/fr\/wp-json\/wp\/v2\/pages\/38927\/revisions\/39002"}],"wp:attachment":[{"href":"https:\/\/bedsnboard.com\/fr\/wp-json\/wp\/v2\/media?parent=38927"}],"curies":[{"name":"wp","href":"https:\/\/api.w.org\/{rel}","templated":true}]}}